{"id":29,"date":"2015-04-03T17:11:52","date_gmt":"2015-04-03T15:11:52","guid":{"rendered":"http:\/\/symphilosophikum.de\/?page_id=29"},"modified":"2020-11-29T23:32:51","modified_gmt":"2020-11-29T22:32:51","slug":"impressum-2","status":"publish","type":"page","link":"http:\/\/symphilosophikum.de\/?page_id=29","title":{"rendered":"Impressum"},"content":{"rendered":"Hans-Joachim Steinsiek\n\nJournalist\n\nCankebeerstr. 55\n26553 Dornum-Ostdorf\nTelefon 0179-4555464\nWeb Symphilosophikum.de\nE-Mail erle@verlag-steinsiek.de\n\n\n\n<strong>Copyright<\/strong>\nVervielf\u00e4ltigungen jeder Art sind nur mit ausdr\u00fccklicher Genehmigung des Verlags gestattet. Die Aufnahme in Online-Dienste und Internet sowie die Vervielf\u00e4ltigung auf Datentr\u00e4ger d\u00fcrfen nur nach vorheriger schriftlicher Zustimmung des Verlags erfolgen.\nDie Urheberrechte an den auf diesen Seiten gezeigten Bildern liegen bei uns, bzw. den bezeichneten Fotografen.\n\n \n\n<strong>Haftung<\/strong>\nDie Beitr\u00e4ge und Inhalte unserer Seiten werden mit Sorgfalt recherchiert. Dennoch wird eine Haftung ausgeschlossen.\n\n \n\n<strong>Wichtiger Hinweis zu allen Links<\/strong>\nDer Inhaber dieser Seite ist nicht f\u00fcr die Inhalte fremder Seiten verantwortlich, die \u00fcber einen Link erreicht werden. Diese Erkl\u00e4rung gilt f\u00fcr alle auf dieser Homepage angebrachten Links, die nicht auf Webseiten des Verlags weisen.\n\n ","protected":false},"excerpt":{"rendered":"<p>Hans-Joachim Steinsiek Journalist Cankebeerstr. 55 26553 Dornum-Ostdorf Telefon 0179-4555464 Web Symphilosophikum.de E-Mail erle@verlag-steinsiek.de Copyright Vervielf\u00e4ltigungen jeder Art sind nur mit ausdr\u00fccklicher Genehmigung des Verlags gestattet. Die Aufnahme in Online-Dienste und Internet sowie die Vervielf\u00e4ltigung auf Datentr\u00e4ger d\u00fcrfen nur nach vorheriger schriftlicher Zustimmung des Verlags erfolgen. Die Urheberrechte an den auf diesen Seiten gezeigten Bildern liegen [&hellip;]<\/p>\n","protected":false},"author":1,"featured_media":0,"parent":0,"menu_order":0,"comment_status":"closed","ping_status":"closed","template":"","meta":[],"_links":{"self":[{"href":"http:\/\/symphilosophikum.de\/index.php?rest_route=\/wp\/v2\/pages\/29"}],"collection":[{"href":"http:\/\/symphilosophikum.de\/index.php?rest_route=\/wp\/v2\/pages"}],"about":[{"href":"http:\/\/symphilosophikum.de\/index.php?rest_route=\/wp\/v2\/types\/page"}],"author":[{"embeddable":true,"href":"http:\/\/symphilosophikum.de\/index.php?rest_route=\/wp\/v2\/users\/1"}],"replies":[{"embeddable":true,"href":"http:\/\/symphilosophikum.de\/index.php?rest_route=%2Fwp%2Fv2%2Fcomments&post=29"}],"version-history":[{"count":4,"href":"http:\/\/symphilosophikum.de\/index.php?rest_route=\/wp\/v2\/pages\/29\/revisions"}],"predecessor-version":[{"id":58,"href":"http:\/\/symphilosophikum.de\/index.php?rest_route=\/wp\/v2\/pages\/29\/revisions\/58"}],"wp:attachment":[{"href":"http:\/\/symphilosophikum.de\/index.php?rest_route=%2Fwp%2Fv2%2Fmedia&parent=29"}],"curies":[{"name":"wp","href":"https:\/\/api.w.org\/{rel}","templated":true}]}}